{"id":187,"date":"2014-09-13T13:00:28","date_gmt":"2014-09-13T11:00:28","guid":{"rendered":"http:\/\/www.gaestehaus-adler.de\/?page_id=187"},"modified":"2022-11-16T13:08:19","modified_gmt":"2022-11-16T11:08:19","slug":"kontakt","status":"publish","type":"page","link":"https:\/\/www.gaestehaus-adler.de\/?page_id=187","title":{"rendered":"Anfrage"},"content":{"rendered":"\n<div class=\"forminator-ui forminator-custom-form forminator-custom-form-3243 forminator-design--default  forminator_ajax\" data-forminator-render=\"0\" data-form=\"forminator-module-3243\" data-uid=\"69f472b743d58\"><br\/><\/div><form\n\t\t\t\tid=\"forminator-module-3243\"\n\t\t\t\tclass=\"forminator-ui forminator-custom-form forminator-custom-form-3243 forminator-design--default  forminator_ajax\"\n\t\t\t\tmethod=\"post\"\n\t\t\t\tdata-forminator-render=\"0\"\n\t\t\t\tdata-form-id=\"3243\"\n\t\t\t\t\n\t\t\t\tdata-design=\"default\"\n\t\t\t\t\n\t\t\t\t\n\t\t\t\t\n\t\t\t\tdata-grid=\"open\"\n\t\t\t\t\n\t\t\t\t\n\t\t\t\tstyle=\"display: none;\"\n\t\t\t\t\n\t\t\t\tdata-uid=\"69f472b743d58\"\n\t\t\t><div role=\"alert\" aria-live=\"polite\" class=\"forminator-response-message forminator-error\" aria-hidden=\"true\"><\/div><div class=\"forminator-row\"><div id=\"name-1\" class=\"forminator-col forminator-col-6 \"><div class=\"forminator-field\"><label for=\"forminator-field-name-1_69f472b743d58\" class=\"forminator-label\" id=\"forminator-field-name-1_69f472b743d58-label\">Vorname <span class=\"forminator-required\">*<\/span><\/label><input type=\"text\" name=\"name-1\" value=\"\" placeholder=\"\" id=\"forminator-field-name-1_69f472b743d58\" class=\"forminator-input forminator-name--field\" aria-required=\"true\" \/><\/div><\/div><div id=\"name-2\" class=\"forminator-col forminator-col-6 \"><div class=\"forminator-field\"><label for=\"forminator-field-name-2_69f472b743d58\" class=\"forminator-label\" id=\"forminator-field-name-2_69f472b743d58-label\">Nachname <span class=\"forminator-required\">*<\/span><\/label><input type=\"text\" name=\"name-2\" value=\"\" placeholder=\"\" id=\"forminator-field-name-2_69f472b743d58\" class=\"forminator-input forminator-name--field\" aria-required=\"true\" \/><\/div><\/div><\/div><div class=\"forminator-row\"><div id=\"text-1\" class=\"forminator-col forminator-col-12 \"><div class=\"forminator-field\"><label for=\"forminator-field-text-1_69f472b743d58\" class=\"forminator-label\" id=\"forminator-field-text-1_69f472b743d58-label\">Stra\u00dfe &amp; Hausnummer <span class=\"forminator-required\">*<\/span><\/label><input type=\"text\" name=\"text-1\" value=\"\" placeholder=\"\" id=\"forminator-field-text-1_69f472b743d58\" class=\"forminator-input forminator-name--field\" data-required=\"1\" \/><\/div><\/div><\/div><div class=\"forminator-row\"><div id=\"text-2\" class=\"forminator-col forminator-col-6 \"><div class=\"forminator-field\"><label for=\"forminator-field-text-2_69f472b743d58\" class=\"forminator-label\" id=\"forminator-field-text-2_69f472b743d58-label\">PLZ <span class=\"forminator-required\">*<\/span><\/label><input type=\"text\" name=\"text-2\" value=\"\" placeholder=\"\" id=\"forminator-field-text-2_69f472b743d58\" class=\"forminator-input forminator-name--field\" data-required=\"1\" maxlength=\"5\" \/><span id=\"forminator-field-text-2_69f472b743d58-description\" class=\"forminator-description\"><span data-limit=\"5\" data-type=\"characters\">0 \/ 5<\/span><\/span><\/div><\/div><div id=\"text-4\" class=\"forminator-col forminator-col-6 \"><div class=\"forminator-field\"><label for=\"forminator-field-text-4_69f472b743d58\" class=\"forminator-label\" id=\"forminator-field-text-4_69f472b743d58-label\">Wohnort <span class=\"forminator-required\">*<\/span><\/label><input type=\"text\" name=\"text-4\" value=\"\" placeholder=\"\" id=\"forminator-field-text-4_69f472b743d58\" class=\"forminator-input forminator-name--field\" data-required=\"1\" \/><\/div><\/div><\/div><div class=\"forminator-row\"><div id=\"email-1\" class=\"forminator-col forminator-col-12 \"><div class=\"forminator-field\"><label for=\"forminator-field-email-1_69f472b743d58\" class=\"forminator-label\" id=\"forminator-field-email-1_69f472b743d58-label\">Mailadresse <span class=\"forminator-required\">*<\/span><\/label><input type=\"email\" name=\"email-1\" value=\"\" placeholder=\"\" id=\"forminator-field-email-1_69f472b743d58\" class=\"forminator-input forminator-email--field\" data-required=\"1\" aria-required=\"true\" \/><\/div><\/div><\/div><div class=\"forminator-row\"><div id=\"phone-1\" class=\"forminator-col forminator-col-12 \"><div class=\"forminator-field\"><label for=\"forminator-field-phone-1_69f472b743d58\" class=\"forminator-label\" id=\"forminator-field-phone-1_69f472b743d58-label\">Telefon <span class=\"forminator-required\">*<\/span><\/label><input type=\"text\" name=\"phone-1\" value=\"\" placeholder=\"\" id=\"forminator-field-phone-1_69f472b743d58\" class=\"forminator-input forminator-field--phone\" data-required=\"1\" aria-required=\"true\" autocomplete=\"off\" \/><\/div><\/div><\/div><div class=\"forminator-row\"><div id=\"date-1\" class=\"forminator-col forminator-col-6 \"><div class=\"forminator-field\"><label for=\"forminator-field-date-1-picker_69f472b743d58\" class=\"forminator-label\" id=\"forminator-field-date-1-picker_69f472b743d58-label\">Anreise <span class=\"forminator-required\">*<\/span><\/label><div class=\"forminator-input-with-icon\"><label for=\"forminator-field-date-1-picker_69f472b743d58\"><span class=\"forminator-icon-calendar\" aria-hidden=\"true\"><\/span><\/label><input autocomplete=\"off\" type=\"text\" size=\"1\" name=\"date-1\" value=\"\" placeholder=\"Datum ausw\u00e4hlen\" id=\"forminator-field-date-1-picker_69f472b743d58\" class=\"forminator-input forminator-datepicker\" data-required=\"1\" data-format=\"dd.mm.yy\" data-restrict-type=\"\" data-restrict=\"\" data-start-year=\"2026\" data-end-year=\"2126\" data-past-dates=\"enable\" data-start-of-week=\"1\" data-start-date=\"2026-05-01\" data-end-date=\"\" data-start-field=\"\" data-end-field=\"\" data-start-offset=\"\" data-end-offset=\"\" data-disable-date=\"\" data-disable-range=\"\" \/><\/div><\/div><\/div><div id=\"date-2\" class=\"forminator-col forminator-col-6 \"><div class=\"forminator-field\"><label for=\"forminator-field-date-2-picker_69f472b743d58\" class=\"forminator-label\" id=\"forminator-field-date-2-picker_69f472b743d58-label\">Abreise <span class=\"forminator-required\">*<\/span><\/label><div class=\"forminator-input-with-icon\"><label for=\"forminator-field-date-2-picker_69f472b743d58\"><span class=\"forminator-icon-calendar\" aria-hidden=\"true\"><\/span><\/label><input autocomplete=\"off\" type=\"text\" size=\"1\" name=\"date-2\" value=\"\" placeholder=\"Datum ausw\u00e4hlen\" id=\"forminator-field-date-2-picker_69f472b743d58\" class=\"forminator-input forminator-datepicker\" data-required=\"1\" data-format=\"dd.mm.yy\" data-restrict-type=\"\" data-restrict=\"\" data-start-year=\"2026\" data-end-year=\"2126\" data-past-dates=\"enable\" data-start-of-week=\"1\" data-start-date=\"2026-05-01\" data-end-date=\"\" data-start-field=\"\" data-end-field=\"\" data-start-offset=\"\" data-end-offset=\"\" data-disable-date=\"\" data-disable-range=\"\" \/><\/div><\/div><\/div><\/div><div class=\"forminator-row\"><div id=\"number-1\" class=\"forminator-col forminator-col-3 \"><div class=\"forminator-field\"><label for=\"forminator-field-number-1_69f472b743d58\" class=\"forminator-label\" id=\"forminator-field-number-1_69f472b743d58-label\">Personen <span class=\"forminator-required\">*<\/span><\/label><input name=\"number-1\" value=\"0\" placeholder=\"\" id=\"forminator-field-number-1_69f472b743d58\" class=\"forminator-input forminator-number--field\" inputmode=\"decimal\" data-required=\"1\" data-decimals=\"0\" aria-required=\"true\" data-inputmask=\"&#039;groupSeparator&#039;: &#039;&#039;, &#039;radixPoint&#039;: &#039;&#039;, &#039;digits&#039;: &#039;0&#039;\" type=\"number\" step=\"any\" max=\"6\" \/><\/div><\/div><div id=\"number-2\" class=\"forminator-col forminator-col-3 \"><div class=\"forminator-field\"><label for=\"forminator-field-number-2_69f472b743d58\" class=\"forminator-label\" id=\"forminator-field-number-2_69f472b743d58-label\">DZ<\/label><input name=\"number-2\" value=\"0\" placeholder=\"\" id=\"forminator-field-number-2_69f472b743d58\" class=\"forminator-input forminator-number--field\" inputmode=\"decimal\" data-required=\"\" data-decimals=\"0\" aria-required=\"false\" data-inputmask=\"&#039;groupSeparator&#039;: &#039;&#039;, &#039;radixPoint&#039;: &#039;&#039;, &#039;digits&#039;: &#039;0&#039;\" type=\"number\" step=\"any\" max=\"4\" \/><\/div><\/div><div id=\"number-3\" class=\"forminator-col forminator-col-3 \"><div class=\"forminator-field\"><label for=\"forminator-field-number-3_69f472b743d58\" class=\"forminator-label\" id=\"forminator-field-number-3_69f472b743d58-label\">EZ<\/label><input name=\"number-3\" value=\"0\" placeholder=\"\" id=\"forminator-field-number-3_69f472b743d58\" class=\"forminator-input forminator-number--field\" inputmode=\"decimal\" data-required=\"\" data-decimals=\"0\" aria-required=\"false\" data-inputmask=\"&#039;groupSeparator&#039;: &#039;&#039;, &#039;radixPoint&#039;: &#039;&#039;, &#039;digits&#039;: &#039;0&#039;\" type=\"number\" step=\"any\" max=\"4\" \/><\/div><\/div><div id=\"number-4\" class=\"forminator-col forminator-col-3 \"><div class=\"forminator-field\"><label for=\"forminator-field-number-4_69f472b743d58\" class=\"forminator-label\" id=\"forminator-field-number-4_69f472b743d58-label\">FeWo<\/label><input name=\"number-4\" value=\"0\" placeholder=\"\" id=\"forminator-field-number-4_69f472b743d58\" class=\"forminator-input forminator-number--field\" inputmode=\"decimal\" data-required=\"\" data-decimals=\"0\" aria-required=\"false\" data-inputmask=\"&#039;groupSeparator&#039;: &#039;&#039;, &#039;radixPoint&#039;: &#039;&#039;, &#039;digits&#039;: &#039;0&#039;\" type=\"number\" step=\"any\" max=\"2\" \/><\/div><\/div><\/div><div class=\"forminator-row\"><div id=\"radio-1\" class=\"forminator-col forminator-col-12 \"><div role=\"radiogroup\" class=\"forminator-field\" aria-labelledby=\"forminator-radiogroup-69f472b743d58-label\" aria-describedby=\"forminator-radiogroup-69f472b743d58-description\"><span id=\"forminator-radiogroup-69f472b743d58-label\" class=\"forminator-label\">Fr\u00fchst\u00fcck <span class=\"forminator-required\">*<\/span><\/span><label id=\"forminator-field-radio-1-label-1\" for=\"forminator-field-radio-1-1-69f472b743d58\" class=\"forminator-radio forminator-radio-inline\" title=\"ja\"><input type=\"radio\" name=\"radio-1\" value=\"one\" id=\"forminator-field-radio-1-1-69f472b743d58\" aria-labelledby=\"forminator-field-radio-1-label-1\" data-calculation=\"0\"   aria-describedby=\"forminator-field-radio-1-69f472b743d58-description\"\/><span class=\"forminator-radio-bullet\" aria-hidden=\"true\"><\/span><span class=\"forminator-radio-label\">ja<\/span><\/label><label id=\"forminator-field-radio-1-label-2\" for=\"forminator-field-radio-1-2-69f472b743d58\" class=\"forminator-radio forminator-radio-inline\" title=\"nein\"><input type=\"radio\" name=\"radio-1\" value=\"two\" id=\"forminator-field-radio-1-2-69f472b743d58\" aria-labelledby=\"forminator-field-radio-1-label-2\" data-calculation=\"0\"   aria-describedby=\"forminator-field-radio-1-69f472b743d58-description\"\/><span class=\"forminator-radio-bullet\" aria-hidden=\"true\"><\/span><span class=\"forminator-radio-label\">nein<\/span><\/label><\/div><\/div><\/div><div class=\"forminator-row\"><div id=\"radio-2\" class=\"forminator-col forminator-col-12 \"><div role=\"radiogroup\" class=\"forminator-field\" aria-labelledby=\"forminator-radiogroup-69f472b743d58-label\" aria-describedby=\"forminator-radiogroup-69f472b743d58-description\"><span id=\"forminator-radiogroup-69f472b743d58-label\" class=\"forminator-label\">Zahlweise <span class=\"forminator-required\">*<\/span><\/span><label id=\"forminator-field-radio-2-label-1\" for=\"forminator-field-radio-2-1-69f472b743d58\" class=\"forminator-radio forminator-radio-inline\" title=\"\u00dcberweisung vor Anreise\"><input type=\"radio\" name=\"radio-2\" value=\"one\" id=\"forminator-field-radio-2-1-69f472b743d58\" aria-labelledby=\"forminator-field-radio-2-label-1\" data-calculation=\"0\"   aria-describedby=\"forminator-field-radio-2-69f472b743d58-description\"\/><span class=\"forminator-radio-bullet\" aria-hidden=\"true\"><\/span><span class=\"forminator-radio-label\">\u00dcberweisung vor Anreise<\/span><\/label><label id=\"forminator-field-radio-2-label-2\" for=\"forminator-field-radio-2-2-69f472b743d58\" class=\"forminator-radio forminator-radio-inline\" title=\"Barzahlung nur nach Absprache\"><input type=\"radio\" name=\"radio-2\" value=\"two\" id=\"forminator-field-radio-2-2-69f472b743d58\" aria-labelledby=\"forminator-field-radio-2-label-2\" data-calculation=\"0\"   aria-describedby=\"forminator-field-radio-2-69f472b743d58-description\"\/><span class=\"forminator-radio-bullet\" aria-hidden=\"true\"><\/span><span class=\"forminator-radio-label\">Barzahlung nur nach Absprache<\/span><\/label><\/div><\/div><\/div><div class=\"forminator-row\"><div id=\"text-3\" class=\"forminator-col forminator-col-12 \"><div class=\"forminator-field\"><label for=\"forminator-field-text-3_69f472b743d58\" class=\"forminator-label\" id=\"forminator-field-text-3_69f472b743d58-label\">Nachricht<\/label><input type=\"text\" name=\"text-3\" value=\"\" placeholder=\"\" id=\"forminator-field-text-3_69f472b743d58\" class=\"forminator-input forminator-name--field\" data-required=\"\" \/><span id=\"forminator-field-text-3_69f472b743d58-description\" class=\"forminator-description\"><span data-limit=\"50\" data-type=\"words\">0 \/ 50<\/span><\/span><\/div><\/div><\/div><div class=\"forminator-row\"><div id=\"checkbox-1\" class=\"forminator-col forminator-col-12  forminator-checkbox-label-1\"><div role=\"group\" class=\"forminator-field required\" aria-labelledby=\"forminator-checkbox-group-69f472b743d58-label\"><h4 id=\"forminator-checkbox-group-69f472b743d58-label\" class=\"forminator-label\">Datenschutz <span class=\"forminator-required\">*<\/span><\/h4><label id=\"forminator-field-checkbox-1-1-69f472b743d58-label\" for=\"forminator-field-checkbox-1-1-69f472b743d58\" class=\"forminator-checkbox forminator-checkbox-inline\" title=\"Hiermit stimme ich der Verarbeitung meiner Daten gem\u00e4\u00df der Datenschutzerkl\u00e4rung zu\"><input type=\"checkbox\" name=\"checkbox-1[]\" value=\"one\" id=\"forminator-field-checkbox-1-1-69f472b743d58\" aria-labelledby=\"forminator-field-checkbox-1-1-69f472b743d58-label\" data-calculation=\"0\"   aria-describedby=\"forminator-field-checkbox-1-69f472b743d58-description\"\/><span class=\"forminator-checkbox-box\" aria-hidden=\"true\"><\/span><span class=\"forminator-checkbox-label\">Hiermit stimme ich der Verarbeitung meiner Daten gem\u00e4\u00df der Datenschutzerkl\u00e4rung zu<\/span><\/label><\/div><\/div><\/div><input type=\"hidden\" name=\"referer_url\" value=\"\" \/><div class=\"forminator-row forminator-row-last\"><div class=\"forminator-col\"><div class=\"forminator-field\"><button class=\"forminator-button forminator-button-submit\">Anfrage absenden<\/button><\/div><\/div><\/div><input type=\"hidden\" id=\"forminator_nonce\" name=\"forminator_nonce\" value=\"83ce60018e\" \/><input type=\"hidden\" name=\"_wp_http_referer\" value=\"\/index.php?rest_route=%2Fwp%2Fv2%2Fpages%2F187\" \/><input type=\"hidden\" name=\"form_id\" value=\"3243\"><input type=\"hidden\" name=\"page_id\" value=\"187\"><input type=\"hidden\" name=\"form_type\" value=\"default\"><input type=\"hidden\" name=\"current_url\" value=\"https:\/\/www.gaestehaus-adler.de\/?page_id=187\"><input type=\"hidden\" name=\"render_id\" value=\"0\"><input type=\"hidden\" name=\"action\" value=\"forminator_submit_form_custom-forms\"><\/form>\n","protected":false},"excerpt":{"rendered":"","protected":false},"author":1,"featured_media":0,"parent":0,"menu_order":0,"comment_status":"closed","ping_status":"closed","template":"","meta":[],"_links":{"self":[{"href":"https:\/\/www.gaestehaus-adler.de\/index.php?rest_route=\/wp\/v2\/pages\/187"}],"collection":[{"href":"https:\/\/www.gaestehaus-adler.de\/index.php?rest_route=\/wp\/v2\/pages"}],"about":[{"href":"https:\/\/www.gaestehaus-adler.de\/index.php?rest_route=\/wp\/v2\/types\/page"}],"author":[{"embeddable":true,"href":"https:\/\/www.gaestehaus-adler.de\/index.php?rest_route=\/wp\/v2\/users\/1"}],"replies":[{"embeddable":true,"href":"https:\/\/www.gaestehaus-adler.de\/index.php?rest_route=%2Fwp%2Fv2%2Fcomments&post=187"}],"version-history":[{"count":3,"href":"https:\/\/www.gaestehaus-adler.de\/index.php?rest_route=\/wp\/v2\/pages\/187\/revisions"}],"predecessor-version":[{"id":3256,"href":"https:\/\/www.gaestehaus-adler.de\/index.php?rest_route=\/wp\/v2\/pages\/187\/revisions\/3256"}],"wp:attachment":[{"href":"https:\/\/www.gaestehaus-adler.de\/index.php?rest_route=%2Fwp%2Fv2%2Fmedia&parent=187"}],"curies":[{"name":"wp","href":"https:\/\/api.w.org\/{rel}","templated":true}]}}