{"id":2940,"date":"2015-02-22T21:15:11","date_gmt":"2015-02-22T19:15:11","guid":{"rendered":"http:\/\/www.gaestehaus-adler.de\/?page_id=2940"},"modified":"2025-09-13T16:49:06","modified_gmt":"2025-09-13T14:49:06","slug":"zimmer","status":"publish","type":"page","link":"https:\/\/www.gaestehaus-adler.de\/?page_id=2940","title":{"rendered":"Zimmer"},"content":{"rendered":"\n\t\t<!-- MasterSlider -->\n\t\t<div id=\"P_MS69f8a4eef3e5e\" class=\"master-slider-parent msl ms-parent-id-5\" style=\"max-width:800px;\">\n\n\t\t\t\n\t\t\t<!-- MasterSlider Main -->\n\t\t\t<div id=\"MS69f8a4eef3e5e\" class=\"master-slider ms-skin-default\" >\n\t\t\t\t \t\t\t\t \n\t\t\t\t<div  class=\"ms-slide\" data-delay=\"3\" data-fill-mode=\"fill\"  >\n\t\t\t\t\t<img src=\"https:\/\/www.gaestehaus-adler.de\/wp-content\/plugins\/master-slider\/public\/assets\/css\/blank.gif\" alt=\"\" title=\"\" data-src=\"https:\/\/www.gaestehaus-adler.de\/wp-content\/uploads\/zi-1.jpg\" \/>\n\n\n\t<div class=\"ms-thumb\" ><div class=\"ms-tab-context\"><div class=&quot;ms-tab-context&quot;><\/div><\/div>\n<\/div>\n\t\t\t\t<\/div>\n\t\t\t\t<div  class=\"ms-slide\" data-delay=\"3\" data-fill-mode=\"fill\"  >\n\t\t\t\t\t<img src=\"https:\/\/www.gaestehaus-adler.de\/wp-content\/plugins\/master-slider\/public\/assets\/css\/blank.gif\" alt=\"\" title=\"\" data-src=\"https:\/\/www.gaestehaus-adler.de\/wp-content\/uploads\/zi-2.jpg\" \/>\n\n\n\t<div class=\"ms-thumb\" ><div class=\"ms-tab-context\"><div class=&quot;ms-tab-context&quot;><\/div><\/div>\n<\/div>\n\t\t\t\t<\/div>\n\t\t\t\t<div  class=\"ms-slide\" data-delay=\"3\" data-fill-mode=\"fill\"  >\n\t\t\t\t\t<img src=\"https:\/\/www.gaestehaus-adler.de\/wp-content\/plugins\/master-slider\/public\/assets\/css\/blank.gif\" alt=\"\" title=\"\" data-src=\"https:\/\/www.gaestehaus-adler.de\/wp-content\/uploads\/zi-3.jpg\" \/>\n\n\n\t<div class=\"ms-thumb\" ><div class=\"ms-tab-context\"><div class=&quot;ms-tab-context&quot;><\/div><\/div>\n<\/div>\n\t\t\t\t<\/div>\n\t\t\t\t<div  class=\"ms-slide\" data-delay=\"3\" data-fill-mode=\"fill\"  >\n\t\t\t\t\t<img src=\"https:\/\/www.gaestehaus-adler.de\/wp-content\/plugins\/master-slider\/public\/assets\/css\/blank.gif\" alt=\"\" title=\"\" data-src=\"https:\/\/www.gaestehaus-adler.de\/wp-content\/uploads\/zi-4.jpg\" \/>\n\n\n\t<div class=\"ms-thumb\" ><div class=\"ms-tab-context\"><div class=&quot;ms-tab-context&quot;><\/div><\/div>\n<\/div>\n\t\t\t\t<\/div>\n\n\t\t\t<\/div>\n\t\t\t<!-- END MasterSlider Main -->\n\n\t\t\t \n\t\t<\/div>\n\t\t<!-- END MasterSlider -->\n\n\t\t<script>\n\t\t(function ( $ ) {\n\t\t\t\"use strict\";\n\n\t\t\t$(function () {\n\t\t\t\tvar masterslider_3e5e = new MasterSlider();\n\n\t\t\t\t\/\/ slider controls\n\t\t\t\tmasterslider_3e5e.control('arrows'     ,{ autohide:false, overVideo:true  });\n\t\t\t\t\/\/ slider setup\n\t\t\t\tmasterslider_3e5e.setup(\"MS69f8a4eef3e5e\", {\n\t\t\t\t\t\twidth           : 800,\n\t\t\t\t\t\theight          : 480,\n\t\t\t\t\t\tminHeight       : 0,\n\t\t\t\t\t\tspace           : 0,\n\t\t\t\t\t\tstart           : 1,\n\t\t\t\t\t\tgrabCursor      : true,\n\t\t\t\t\t\tswipe           : true,\n\t\t\t\t\t\tmouse           : true,\n\t\t\t\t\t\tlayout          : \"boxed\",\n\t\t\t\t\t\twheel           : false,\n\t\t\t\t\t\tautoplay        : false,\n\t\t\t\t\t\tinstantStartLayers:false,\n\t\t\t\t\t\tloop            : true,\n\t\t\t\t\t\tshuffle         : false,\n\t\t\t\t\t\tpreload         : 0,\n\t\t\t\t\t\theightLimit     : true,\n\t\t\t\t\t\tautoHeight      : false,\n\t\t\t\t\t\tsmoothHeight    : true,\n\t\t\t\t\t\tendPause        : false,\n\t\t\t\t\t\toverPause       : true,\n\t\t\t\t\t\tfillMode        : \"fill\",\n\t\t\t\t\t\tcenterControls  : true,\n\t\t\t\t\t\tstartOnAppear   : false,\n\t\t\t\t\t\tlayersMode      : \"center\",\n\t\t\t\t\t\thideLayers      : false,\n\t\t\t\t\t\tfullscreenMargin: 0,\n\t\t\t\t\t\tspeed           : 20,\n\t\t\t\t\t\tdir             : \"h\",\n\t\t\t\t\t\tparallaxMode    : 'swipe',\n\t\t\t\t\t\tview            : \"basic\"\n\t\t\t\t});\n\n\t\t\t\t\n\t\t\t\twindow.masterslider_instances = window.masterslider_instances || [];\n\t\t\t\twindow.masterslider_instances.push( masterslider_3e5e );\n\t\t\t });\n\n\t\t})(jQuery);\n\t\t<\/script>\n\n\n<p>&nbsp;<\/p>\n<p>Unser G\u00e4stehaus bietet Ihnen 5 voll ausgestattete, neuwertige und modern eingerichtete Komfort-Doppelzimmer im mediterranen Ambiente.<\/p>\n<ul>\n<li>Die Zimmer haben eine Gr\u00f6\u00dfe von 15 qm und verf\u00fcgen \u00fcber Telefon, SAT-TV mit ca. 100 Sendern und kostenfreiem Internet via WLAN, Name: Speedport Gastzugang WLAN-Schl\u00fcssel: GA1712-1204.<\/li>\n<li>Alle Zimmer sind mit Doppelbetten (1,60 m x 2,00 m) ausgestattet.<\/li>\n<li>Alle Zimmer sind Nichtraucherzimmer.<\/li>\n<li>Das Mitbringen von Haustieren ist nicht gestattet.<\/li>\n<li>Die Zimmer k\u00f6nnen mit oder ohne Fr\u00fchst\u00fcck gebucht werden.<\/li>\n<li>Vorauszahlung per \u00dcberweisung und Barzahlung bei An- bzw. Abreise.<\/li>\n<\/ul>\n","protected":false},"excerpt":{"rendered":"<p>&nbsp; Unser G\u00e4stehaus bietet Ihnen 5 voll ausgestattete, neuwertige und modern eingerichtete Komfort-Doppelzimmer im mediterranen Ambiente. Die Zimmer haben eine Gr\u00f6\u00dfe von 15 qm und verf\u00fcgen \u00fcber Telefon, SAT-TV mit ca. 100 Sendern und kostenfreiem Internet via WLAN, Name: Speedport Gastzugang WLAN-Schl\u00fcssel: GA1712-1204. Alle Zimmer sind mit Doppelbetten (1,60 m x 2,00 m) ausgestattet. Alle [&hellip;]<\/p>\n","protected":false},"author":1,"featured_media":0,"parent":0,"menu_order":0,"comment_status":"closed","ping_status":"closed","template":"","meta":[],"_links":{"self":[{"href":"https:\/\/www.gaestehaus-adler.de\/index.php?rest_route=\/wp\/v2\/pages\/2940"}],"collection":[{"href":"https:\/\/www.gaestehaus-adler.de\/index.php?rest_route=\/wp\/v2\/pages"}],"about":[{"href":"https:\/\/www.gaestehaus-adler.de\/index.php?rest_route=\/wp\/v2\/types\/page"}],"author":[{"embeddable":true,"href":"https:\/\/www.gaestehaus-adler.de\/index.php?rest_route=\/wp\/v2\/users\/1"}],"replies":[{"embeddable":true,"href":"https:\/\/www.gaestehaus-adler.de\/index.php?rest_route=%2Fwp%2Fv2%2Fcomments&post=2940"}],"version-history":[{"count":39,"href":"https:\/\/www.gaestehaus-adler.de\/index.php?rest_route=\/wp\/v2\/pages\/2940\/revisions"}],"predecessor-version":[{"id":3348,"href":"https:\/\/www.gaestehaus-adler.de\/index.php?rest_route=\/wp\/v2\/pages\/2940\/revisions\/3348"}],"wp:attachment":[{"href":"https:\/\/www.gaestehaus-adler.de\/index.php?rest_route=%2Fwp%2Fv2%2Fmedia&parent=2940"}],"curies":[{"name":"wp","href":"https:\/\/api.w.org\/{rel}","templated":true}]}}