{"id":3054,"date":"2015-03-14T17:44:27","date_gmt":"2015-03-14T15:44:27","guid":{"rendered":"http:\/\/www.gaestehaus-adler.de\/?page_id=3054"},"modified":"2025-09-13T16:48:37","modified_gmt":"2025-09-13T14:48:37","slug":"ferienwohnung","status":"publish","type":"page","link":"https:\/\/www.gaestehaus-adler.de\/?page_id=3054","title":{"rendered":"Ferienwohnungen"},"content":{"rendered":"<p><span style=\"font-size: 12pt;\">\n\t\t<!-- MasterSlider -->\n\t\t<div id=\"P_MS69fcd78714593\" class=\"master-slider-parent msl ms-parent-id-6\" style=\"max-width:800px;\">\n\n\t\t\t\n\t\t\t<!-- MasterSlider Main -->\n\t\t\t<div id=\"MS69fcd78714593\" class=\"master-slider ms-skin-default\" >\n\t\t\t\t \t\t\t\t \n\t\t\t\t<div  class=\"ms-slide\" data-delay=\"3\" data-fill-mode=\"fill\"  >\n\t\t\t\t\t<img src=\"https:\/\/www.gaestehaus-adler.de\/wp-content\/plugins\/master-slider\/public\/assets\/css\/blank.gif\" alt=\"\" title=\"\" data-src=\"https:\/\/www.gaestehaus-adler.de\/wp-content\/uploads\/fewo.1-1.jpg\" \/>\n\n\n\t<div class=\"ms-thumb\" ><div class=\"ms-tab-context\"><div class=&quot;ms-tab-context&quot;><\/div><\/div>\n<\/div>\n\t\t\t\t<\/div>\n\t\t\t\t<div  class=\"ms-slide\" data-delay=\"3\" data-fill-mode=\"fill\"  >\n\t\t\t\t\t<img src=\"https:\/\/www.gaestehaus-adler.de\/wp-content\/plugins\/master-slider\/public\/assets\/css\/blank.gif\" alt=\"\" title=\"\" data-src=\"https:\/\/www.gaestehaus-adler.de\/wp-content\/uploads\/fewo.1-2.jpg\" \/>\n\n\n\t<div class=\"ms-thumb\" ><div class=\"ms-tab-context\"><div class=&quot;ms-tab-context&quot;><\/div><\/div>\n<\/div>\n\t\t\t\t<\/div>\n\t\t\t\t<div  class=\"ms-slide\" data-delay=\"3\" data-fill-mode=\"fill\"  >\n\t\t\t\t\t<img src=\"https:\/\/www.gaestehaus-adler.de\/wp-content\/plugins\/master-slider\/public\/assets\/css\/blank.gif\" alt=\"\" title=\"\" data-src=\"https:\/\/www.gaestehaus-adler.de\/wp-content\/uploads\/fewo.1-3.jpg\" \/>\n\n\n\t<div class=\"ms-thumb\" ><div class=\"ms-tab-context\"><div class=&quot;ms-tab-context&quot;><\/div><\/div>\n<\/div>\n\t\t\t\t<\/div>\n\t\t\t\t<div  class=\"ms-slide\" data-delay=\"3\" data-fill-mode=\"fill\"  >\n\t\t\t\t\t<img src=\"https:\/\/www.gaestehaus-adler.de\/wp-content\/plugins\/master-slider\/public\/assets\/css\/blank.gif\" alt=\"\" title=\"\" data-src=\"https:\/\/www.gaestehaus-adler.de\/wp-content\/uploads\/fewo.1-4.jpg\" \/>\n\n\n\t<div class=\"ms-thumb\" ><div class=\"ms-tab-context\"><div class=&quot;ms-tab-context&quot;><\/div><\/div>\n<\/div>\n\t\t\t\t<\/div>\n\t\t\t\t<div  class=\"ms-slide\" data-delay=\"3\" data-fill-mode=\"fill\"  >\n\t\t\t\t\t<img src=\"https:\/\/www.gaestehaus-adler.de\/wp-content\/plugins\/master-slider\/public\/assets\/css\/blank.gif\" alt=\"\" title=\"\" data-src=\"https:\/\/www.gaestehaus-adler.de\/wp-content\/uploads\/fewo.1-5.jpg\" \/>\n\n\n\t<div class=\"ms-thumb\" ><div class=\"ms-tab-context\"><div class=&quot;ms-tab-context&quot;><\/div><\/div>\n<\/div>\n\t\t\t\t<\/div>\n\t\t\t\t<div  class=\"ms-slide\" data-delay=\"3\" data-fill-mode=\"fill\"  >\n\t\t\t\t\t<img src=\"https:\/\/www.gaestehaus-adler.de\/wp-content\/plugins\/master-slider\/public\/assets\/css\/blank.gif\" alt=\"\" title=\"\" data-src=\"https:\/\/www.gaestehaus-adler.de\/wp-content\/uploads\/fewo2-1.jpg\" \/>\n\n\n\t<div class=\"ms-thumb\" ><div class=\"ms-tab-context\"><div class=&quot;ms-tab-context&quot;><\/div><\/div>\n<\/div>\n\t\t\t\t<\/div>\n\t\t\t\t<div  class=\"ms-slide\" data-delay=\"3\" data-fill-mode=\"fill\"  >\n\t\t\t\t\t<img src=\"https:\/\/www.gaestehaus-adler.de\/wp-content\/plugins\/master-slider\/public\/assets\/css\/blank.gif\" alt=\"\" title=\"\" data-src=\"https:\/\/www.gaestehaus-adler.de\/wp-content\/uploads\/fewo2-3.jpg\" \/>\n\n\n\t<div class=\"ms-thumb\" ><div class=\"ms-tab-context\"><div class=&quot;ms-tab-context&quot;><\/div><\/div>\n<\/div>\n\t\t\t\t<\/div>\n\t\t\t\t<div  class=\"ms-slide\" data-delay=\"3\" data-fill-mode=\"fill\"  >\n\t\t\t\t\t<img src=\"https:\/\/www.gaestehaus-adler.de\/wp-content\/plugins\/master-slider\/public\/assets\/css\/blank.gif\" alt=\"\" title=\"\" data-src=\"https:\/\/www.gaestehaus-adler.de\/wp-content\/uploads\/fewo2-4.jpg\" \/>\n\n\n\t<div class=\"ms-thumb\" ><div class=\"ms-tab-context\"><div class=&quot;ms-tab-context&quot;><\/div><\/div>\n<\/div>\n\t\t\t\t<\/div>\n\t\t\t\t<div  class=\"ms-slide\" data-delay=\"3\" data-fill-mode=\"fill\"  >\n\t\t\t\t\t<img src=\"https:\/\/www.gaestehaus-adler.de\/wp-content\/plugins\/master-slider\/public\/assets\/css\/blank.gif\" alt=\"\" title=\"\" data-src=\"https:\/\/www.gaestehaus-adler.de\/wp-content\/uploads\/fewo2-2.jpg\" \/>\n\n\n\t<div class=\"ms-thumb\" ><div class=\"ms-tab-context\"><div class=&quot;ms-tab-context&quot;><\/div><\/div>\n<\/div>\n\t\t\t\t<\/div>\n\t\t\t\t<div  class=\"ms-slide\" data-delay=\"3\" data-fill-mode=\"fill\"  >\n\t\t\t\t\t<img src=\"https:\/\/www.gaestehaus-adler.de\/wp-content\/plugins\/master-slider\/public\/assets\/css\/blank.gif\" alt=\"\" title=\"\" data-src=\"https:\/\/www.gaestehaus-adler.de\/wp-content\/uploads\/bad-2.jpg\" \/>\n\n\n\t<div class=\"ms-thumb\" ><div class=\"ms-tab-context\"><div class=&quot;ms-tab-context&quot;><\/div><\/div>\n<\/div>\n\t\t\t\t<\/div>\n\t\t\t\t<div  class=\"ms-slide\" data-delay=\"3\" data-fill-mode=\"fill\"  >\n\t\t\t\t\t<img src=\"https:\/\/www.gaestehaus-adler.de\/wp-content\/plugins\/master-slider\/public\/assets\/css\/blank.gif\" alt=\"\" title=\"\" data-src=\"https:\/\/www.gaestehaus-adler.de\/wp-content\/uploads\/bad-72.jpg\" \/>\n\n\n\t<div class=\"ms-thumb\" ><div class=\"ms-tab-context\"><div class=&quot;ms-tab-context&quot;><\/div><\/div>\n<\/div>\n\t\t\t\t<\/div>\n\t\t\t\t<div  class=\"ms-slide\" data-delay=\"3\" data-fill-mode=\"fill\"  >\n\t\t\t\t\t<img src=\"https:\/\/www.gaestehaus-adler.de\/wp-content\/plugins\/master-slider\/public\/assets\/css\/blank.gif\" alt=\"\" title=\"\" data-src=\"https:\/\/www.gaestehaus-adler.de\/wp-content\/uploads\/grundriss.jpg\" \/>\n\n\n\t<div class=\"ms-thumb\" ><div class=\"ms-tab-context\"><div class=&quot;ms-tab-context&quot;><\/div><\/div>\n<\/div>\n\t\t\t\t<\/div>\n\n\t\t\t<\/div>\n\t\t\t<!-- END MasterSlider Main -->\n\n\t\t\t \n\t\t<\/div>\n\t\t<!-- END MasterSlider -->\n\n\t\t<script>\n\t\t(function ( $ ) {\n\t\t\t\"use strict\";\n\n\t\t\t$(function () {\n\t\t\t\tvar masterslider_4593 = new MasterSlider();\n\n\t\t\t\t\/\/ slider controls\n\t\t\t\tmasterslider_4593.control('arrows'     ,{ autohide:false, overVideo:true  });\n\t\t\t\t\/\/ slider setup\n\t\t\t\tmasterslider_4593.setup(\"MS69fcd78714593\", {\n\t\t\t\t\t\twidth           : 800,\n\t\t\t\t\t\theight          : 480,\n\t\t\t\t\t\tminHeight       : 0,\n\t\t\t\t\t\tspace           : 0,\n\t\t\t\t\t\tstart           : 1,\n\t\t\t\t\t\tgrabCursor      : true,\n\t\t\t\t\t\tswipe           : true,\n\t\t\t\t\t\tmouse           : true,\n\t\t\t\t\t\tlayout          : \"boxed\",\n\t\t\t\t\t\twheel           : false,\n\t\t\t\t\t\tautoplay        : false,\n\t\t\t\t\t\tinstantStartLayers:false,\n\t\t\t\t\t\tloop            : true,\n\t\t\t\t\t\tshuffle         : false,\n\t\t\t\t\t\tpreload         : 0,\n\t\t\t\t\t\theightLimit     : true,\n\t\t\t\t\t\tautoHeight      : false,\n\t\t\t\t\t\tsmoothHeight    : true,\n\t\t\t\t\t\tendPause        : false,\n\t\t\t\t\t\toverPause       : true,\n\t\t\t\t\t\tfillMode        : \"fill\",\n\t\t\t\t\t\tcenterControls  : true,\n\t\t\t\t\t\tstartOnAppear   : false,\n\t\t\t\t\t\tlayersMode      : \"center\",\n\t\t\t\t\t\thideLayers      : false,\n\t\t\t\t\t\tfullscreenMargin: 0,\n\t\t\t\t\t\tspeed           : 20,\n\t\t\t\t\t\tdir             : \"h\",\n\t\t\t\t\t\tparallaxMode    : 'swipe',\n\t\t\t\t\t\tview            : \"basic\"\n\t\t\t\t});\n\n\t\t\t\t\n\t\t\t\twindow.masterslider_instances = window.masterslider_instances || [];\n\t\t\t\twindow.masterslider_instances.push( masterslider_4593 );\n\t\t\t });\n\n\t\t})(jQuery);\n\t\t<\/script>\n\n<\/span><\/p>\n<p><span style=\"font-size: 12pt;\">Unser Haus bietet Ihnen 3 voll ausgestattete und modern eingerichtete Ferienwohnungen<\/span><br \/>\n<span style=\"font-size: 12pt;\">im mediterranen Ambiente.<\/span><\/p>\n<p><span style=\"font-size: 12pt;\">Ferienwohnung 1<\/span><br \/>\n<span style=\"font-size: 12pt;\">mit 3 Zimmern, K\u00fcche, Bad bietet Platz f\u00fcr bis zu 4 Personen und hat eine Fl\u00e4che von ca. 50 qm.<\/span><\/p>\n<p><span style=\"font-size: 12pt;\">Ferienwohnung 2<\/span><br \/>\n<span style=\"font-size: 12pt;\">mit 2 Zimmern, K\u00fcche, Bad geeignet f\u00fcr 2 Erwachsene und 2 Kinder auf einer Fl\u00e4che von ca. 40 qm.<\/span><\/p>\n<p><span style=\"font-size: 12pt;\">Ferienwohnung 3<\/span><br \/>\n<span style=\"font-size: 12pt;\">mit 2 Zimmern, K\u00fcche, Bad geeignet f\u00fcr 2 Erwachsene und 2 Kinder auf einer Fl\u00e4che von ca. 40 qm.<\/span><\/p>\n<ul>\n<li><span style=\"font-size: 12pt;\">Alle Wohnungen verf\u00fcgen \u00fcber Telefon, SAT-TV mit ca. 100 Sendern und kostenfreiem Internet via WLAN, Name: Speedport Gastzugang WLAN-Schl\u00fcssel: GA1712-1204.<\/span><\/li>\n<li><span style=\"font-size: 12pt;\">Alle Wohnungen sind mit Doppelbetten (1,60 m x 2,00 m) ausgestattet.<\/span><\/li>\n<li><span style=\"font-size: 12pt;\">Die Ferienwohnungen k\u00f6nnen auch mit Fr\u00fchst\u00fcck gebucht werden.<\/span><\/li>\n<li><span style=\"font-size: 12pt;\">Das Mitbringen von Haustieren ist nicht gestattet<\/span><\/li>\n<li><span style=\"font-size: 12pt;\">Alle Zimmer bzw. Ferienwohnungen sind Nichtraucherzimmer<\/span><\/li>\n<li><span style=\"font-size: 12pt;\">Bei Bedarf kann noch ein weiteres Reisebett dazugestellt werden.<\/span><\/li>\n<li><span style=\"font-size: 12pt;\">Vorauszahlung per \u00dcberweisung und Barzahlung bei An- bzw. Abreise<\/span><\/li>\n<\/ul>\n","protected":false},"excerpt":{"rendered":"<p>Unser Haus bietet Ihnen 3 voll ausgestattete und modern eingerichtete Ferienwohnungen im mediterranen Ambiente. Ferienwohnung 1 mit 3 Zimmern, K\u00fcche, Bad bietet Platz f\u00fcr bis zu 4 Personen und hat eine Fl\u00e4che von ca. 50 qm. Ferienwohnung 2 mit 2 Zimmern, K\u00fcche, Bad geeignet f\u00fcr 2 Erwachsene und 2 Kinder auf einer Fl\u00e4che von ca. [&hellip;]<\/p>\n","protected":false},"author":1,"featured_media":0,"parent":0,"menu_order":0,"comment_status":"closed","ping_status":"closed","template":"","meta":[],"_links":{"self":[{"href":"https:\/\/www.gaestehaus-adler.de\/index.php?rest_route=\/wp\/v2\/pages\/3054"}],"collection":[{"href":"https:\/\/www.gaestehaus-adler.de\/index.php?rest_route=\/wp\/v2\/pages"}],"about":[{"href":"https:\/\/www.gaestehaus-adler.de\/index.php?rest_route=\/wp\/v2\/types\/page"}],"author":[{"embeddable":true,"href":"https:\/\/www.gaestehaus-adler.de\/index.php?rest_route=\/wp\/v2\/users\/1"}],"replies":[{"embeddable":true,"href":"https:\/\/www.gaestehaus-adler.de\/index.php?rest_route=%2Fwp%2Fv2%2Fcomments&post=3054"}],"version-history":[{"count":24,"href":"https:\/\/www.gaestehaus-adler.de\/index.php?rest_route=\/wp\/v2\/pages\/3054\/revisions"}],"predecessor-version":[{"id":3347,"href":"https:\/\/www.gaestehaus-adler.de\/index.php?rest_route=\/wp\/v2\/pages\/3054\/revisions\/3347"}],"wp:attachment":[{"href":"https:\/\/www.gaestehaus-adler.de\/index.php?rest_route=%2Fwp%2Fv2%2Fmedia&parent=3054"}],"curies":[{"name":"wp","href":"https:\/\/api.w.org\/{rel}","templated":true}]}}